{"id":10,"date":"2020-04-09T09:04:26","date_gmt":"2020-04-09T09:04:26","guid":{"rendered":"http:\/\/audixbitee.com\/?page_id=10"},"modified":"2020-07-17T09:59:57","modified_gmt":"2020-07-17T09:59:57","slug":"contact","status":"publish","type":"page","link":"https:\/\/www.audixbitee.com\/index.php\/contact\/","title":{"rendered":"DPTO. MARKETING"},"content":{"rendered":"\n<p>Una de las caracter\u00edsticas que nos diferencian de la competencia, es que <strong>contamos con un departamento de Dise\u00f1o y Marketing propio<\/strong> en el que personalizamos los productos con su marca. Dise\u00f1o gr\u00e1fico e imagen corporativa actualizados para hacer que su imagen destaque de la competencia.<\/p>\n\n\n\n<p>El dise\u00f1o se aplica tanto a las <strong>etiquetas del producto, como a blisters, bolsas, displays y cajas export.<\/strong> El dise\u00f1o es supervisado en continuo contacto entre el cliente y Audix Bitee.<\/p>\n","protected":false},"excerpt":{"rendered":"<p>Una de las caracter\u00edsticas que nos diferencian de la competencia, es que contamos con un departamento de Dise\u00f1o y Marketing propio en el que personalizamos los productos con su marca. Dise\u00f1o gr\u00e1fico e imagen corporativa actualizados para hacer que su imagen destaque de la competencia. El dise\u00f1o se aplica tanto a las etiquetas del producto, &hellip; <\/p>\n<p class=\"link-more\"><a href=\"https:\/\/www.audixbitee.com\/index.php\/contact\/\" class=\"more-link\">Continuar leyendo<span class=\"screen-reader-text\"> \u00abDPTO. MARKETING\u00bb<\/span><\/a><\/p>\n","protected":false},"author":1,"featured_media":87,"parent":0,"menu_order":0,"comment_status":"closed","ping_status":"closed","template":"","meta":{"spay_email":""},"_links":{"self":[{"href":"https:\/\/www.audixbitee.com\/index.php\/wp-json\/wp\/v2\/pages\/10"}],"collection":[{"href":"https:\/\/www.audixbitee.com\/index.php\/wp-json\/wp\/v2\/pages"}],"about":[{"href":"https:\/\/www.audixbitee.com\/index.php\/wp-json\/wp\/v2\/types\/page"}],"author":[{"embeddable":true,"href":"https:\/\/www.audixbitee.com\/index.php\/wp-json\/wp\/v2\/users\/1"}],"replies":[{"embeddable":true,"href":"https:\/\/www.audixbitee.com\/index.php\/wp-json\/wp\/v2\/comments?post=10"}],"version-history":[{"count":15,"href":"https:\/\/www.audixbitee.com\/index.php\/wp-json\/wp\/v2\/pages\/10\/revisions"}],"predecessor-version":[{"id":165,"href":"https:\/\/www.audixbitee.com\/index.php\/wp-json\/wp\/v2\/pages\/10\/revisions\/165"}],"wp:featuredmedia":[{"embeddable":true,"href":"https:\/\/www.audixbitee.com\/index.php\/wp-json\/wp\/v2\/media\/87"}],"wp:attachment":[{"href":"https:\/\/www.audixbitee.com\/index.php\/wp-json\/wp\/v2\/media?parent=10"}],"curies":[{"name":"wp","href":"https:\/\/api.w.org\/{rel}","templated":true}]}}