{"id":2,"date":"2020-04-08T13:12:27","date_gmt":"2020-04-08T13:12:27","guid":{"rendered":"http:\/\/audixbitee.com\/?page_id=2"},"modified":"2020-04-09T09:46:59","modified_gmt":"2020-04-09T09:46:59","slug":"sample-page","status":"publish","type":"page","link":"https:\/\/www.audixbitee.com\/index.php\/sample-page\/","title":{"rendered":"AudixBitee. Opcion home 1."},"content":{"rendered":"\n<p>HISTORIA<\/p>\n\n\n\n<p>Establecida en 2019 y con oficinas en el coraz\u00f3n de Asia &#8211; Hong Kong &#8211; en AudixBitee, nos asociamos con el m\u00e1s confiable y adecuado proveedor para desarrollar tus productos. <\/p>\n\n\n\n<p>Nuestros productos son el resultado de la\nuni\u00f3n de dos conceptos muy importantes: CALIDAD Y DISE\u00d1O EXCLUSIVO.\ufeff<\/p>\n\n\n\n<p>El DISE\u00d1O EXCLUSIVO es fruto de nuestro importante proceso de innovaci\u00f3n, en el que un gran equipo compuesto por t\u00e9cnicos especializados en dise\u00f1o y marketing hacen posible que los productos de AudixBitee sean l\u00edderes en el mercado.<\/p>\n\n\n\n<p>Adem\u00e1s, la optimizaci\u00f3n interna de\nprocesos hace posible que seamos capaces de ofrecer nuestros productos a unos\nprecios totalmente ajustados.<\/p>\n\n\n\n<p>MISI\u00d3N<\/p>\n\n\n\n<p>Basamos nuestros servicios en responsabilidad, contactos y confianza. <\/p>\n\n\n\n<p>VISI\u00d3N<\/p>\n\n\n\n<p>AudixBitee tiene la voluntad de ser reconocida como una empresa consolidada y seria, tanto por su capacidad de innovaci\u00f3n radical y continua en el tiempo, como por la calidad incontestable de sus productos, su gesti\u00f3n ejemplar y su compromiso \u00e9tico.<\/p>\n\n\n\n<p>&nbsp;VALORES<\/p>\n\n\n\n<p>* La fidelidad a las ideas y personas.<\/p>\n\n\n\n<p>* El respeto del otro, tanto por la\ncapacidad de escucha como de adaptaci\u00f3n y cambio.<\/p>\n\n\n\n<p>* La naturalidad y sinceridad.<\/p>\n\n\n\n<p>* La honestidad.<\/p>\n\n\n\n<p>* La generosidad.<\/p>\n\n\n\n<p>* La confianza en los dem\u00e1s.<\/p>\n","protected":false},"excerpt":{"rendered":"<p>HISTORIA Establecida en 2019 y con oficinas en el coraz\u00f3n de Asia &#8211; Hong Kong &#8211; en AudixBitee, nos asociamos con el m\u00e1s confiable y adecuado proveedor para desarrollar tus productos. Nuestros productos son el resultado de la uni\u00f3n de dos conceptos muy importantes: CALIDAD Y DISE\u00d1O EXCLUSIVO.\ufeff El DISE\u00d1O EXCLUSIVO es fruto de nuestro &hellip; <\/p>\n<p class=\"link-more\"><a href=\"https:\/\/www.audixbitee.com\/index.php\/sample-page\/\" class=\"more-link\">Continuar leyendo<span class=\"screen-reader-text\"> \u00abAudixBitee. Opcion home 1.\u00bb<\/span><\/a><\/p>\n","protected":false},"author":1,"featured_media":0,"parent":0,"menu_order":0,"comment_status":"closed","ping_status":"open","template":"","meta":{"spay_email":""},"_links":{"self":[{"href":"https:\/\/www.audixbitee.com\/index.php\/wp-json\/wp\/v2\/pages\/2"}],"collection":[{"href":"https:\/\/www.audixbitee.com\/index.php\/wp-json\/wp\/v2\/pages"}],"about":[{"href":"https:\/\/www.audixbitee.com\/index.php\/wp-json\/wp\/v2\/types\/page"}],"author":[{"embeddable":true,"href":"https:\/\/www.audixbitee.com\/index.php\/wp-json\/wp\/v2\/users\/1"}],"replies":[{"embeddable":true,"href":"https:\/\/www.audixbitee.com\/index.php\/wp-json\/wp\/v2\/comments?post=2"}],"version-history":[{"count":2,"href":"https:\/\/www.audixbitee.com\/index.php\/wp-json\/wp\/v2\/pages\/2\/revisions"}],"predecessor-version":[{"id":34,"href":"https:\/\/www.audixbitee.com\/index.php\/wp-json\/wp\/v2\/pages\/2\/revisions\/34"}],"wp:attachment":[{"href":"https:\/\/www.audixbitee.com\/index.php\/wp-json\/wp\/v2\/media?parent=2"}],"curies":[{"name":"wp","href":"https:\/\/api.w.org\/{rel}","templated":true}]}}