{"id":61,"date":"2020-04-09T16:01:46","date_gmt":"2020-04-09T16:01:46","guid":{"rendered":"http:\/\/audixbitee.com\/?page_id=61"},"modified":"2022-08-03T16:34:29","modified_gmt":"2022-08-03T16:34:29","slug":"control-de-calidad","status":"publish","type":"page","link":"https:\/\/www.audixbitee.com\/index.php\/control-de-calidad\/","title":{"rendered":"CONTROL DE CALIDAD"},"content":{"rendered":"<p><strong>Supervisamos la calidad conforme a las exigencias establecidas por nuestros clientes. <\/strong>Todos los productos son inspeccionados tanto en el proceso de fabricaci\u00f3n como en el de carga.<\/p>\n<p><strong>Gestionamos la log\u00edstica de sus pedidos,<\/strong> por v\u00eda a\u00e9rea o mar\u00edtima para que lleguen a su destino en condiciones \u00f3ptimas, en el plazo previsto y con costes m\u00ednimos.<\/p>\n","protected":false},"excerpt":{"rendered":"<p>Supervisamos la calidad conforme a las exigencias establecidas por nuestros clientes. Todos los productos son inspeccionados tanto en el proceso de fabricaci\u00f3n como en el de carga. Gestionamos la log\u00edstica de sus pedidos, por v\u00eda a\u00e9rea o mar\u00edtima para que lleguen a su destino en condiciones \u00f3ptimas, en el plazo previsto y con costes m\u00ednimos.<\/p>\n","protected":false},"author":1,"featured_media":386,"parent":0,"menu_order":4,"comment_status":"closed","ping_status":"closed","template":"","meta":{"spay_email":""},"_links":{"self":[{"href":"https:\/\/www.audixbitee.com\/index.php\/wp-json\/wp\/v2\/pages\/61"}],"collection":[{"href":"https:\/\/www.audixbitee.com\/index.php\/wp-json\/wp\/v2\/pages"}],"about":[{"href":"https:\/\/www.audixbitee.com\/index.php\/wp-json\/wp\/v2\/types\/page"}],"author":[{"embeddable":true,"href":"https:\/\/www.audixbitee.com\/index.php\/wp-json\/wp\/v2\/users\/1"}],"replies":[{"embeddable":true,"href":"https:\/\/www.audixbitee.com\/index.php\/wp-json\/wp\/v2\/comments?post=61"}],"version-history":[{"count":4,"href":"https:\/\/www.audixbitee.com\/index.php\/wp-json\/wp\/v2\/pages\/61\/revisions"}],"predecessor-version":[{"id":169,"href":"https:\/\/www.audixbitee.com\/index.php\/wp-json\/wp\/v2\/pages\/61\/revisions\/169"}],"wp:featuredmedia":[{"embeddable":true,"href":"https:\/\/www.audixbitee.com\/index.php\/wp-json\/wp\/v2\/media\/386"}],"wp:attachment":[{"href":"https:\/\/www.audixbitee.com\/index.php\/wp-json\/wp\/v2\/media?parent=61"}],"curies":[{"name":"wp","href":"https:\/\/api.w.org\/{rel}","templated":true}]}}