{"id":81,"date":"2020-04-10T06:43:14","date_gmt":"2020-04-10T06:43:14","guid":{"rendered":"http:\/\/audixbitee.com\/?page_id=81"},"modified":"2020-07-29T11:32:03","modified_gmt":"2020-07-29T11:32:03","slug":"personalizacion-de-productos-2","status":"publish","type":"page","link":"https:\/\/www.audixbitee.com\/index.php\/personalizacion-de-productos-2\/","title":{"rendered":"DESPACHO ADUANERO"},"content":{"rendered":"\n<p><strong>Preparamos y presentamos la documentaci\u00f3n<\/strong> requerida por la aduana en China.  Realizamos todo lo referente a la misma.<\/p>\n\n\n\n<p><strong>Gestionamos y supervisamos<\/strong> el tr\u00e1nsito de la mercanc\u00eda hasta su llegada a destino.<\/p>\n\n\n\n<p>Si nuestros clientes lo demandan, <strong>gestionamos el trabajo correspondiente al despacho<\/strong> y entrega en destino.<\/p>\n\n\n\n<p>Cuando se realizan compras referentes a distintos proveedores nuestro equipo realiza <strong>La consolidaci\u00f3n de los productos<\/strong> para el proceso de embarque en el mismo contenedor.<\/p>\n","protected":false},"excerpt":{"rendered":"<p>Preparamos y presentamos la documentaci\u00f3n requerida por la aduana en China. Realizamos todo lo referente a la misma. Gestionamos y supervisamos el tr\u00e1nsito de la mercanc\u00eda hasta su llegada a destino. Si nuestros clientes lo demandan, gestionamos el trabajo correspondiente al despacho y entrega en destino. Cuando se realizan compras referentes a distintos proveedores nuestro &hellip; <\/p>\n<p class=\"link-more\"><a href=\"https:\/\/www.audixbitee.com\/index.php\/personalizacion-de-productos-2\/\" class=\"more-link\">Continuar leyendo<span class=\"screen-reader-text\"> \u00abDESPACHO ADUANERO\u00bb<\/span><\/a><\/p>\n","protected":false},"author":1,"featured_media":157,"parent":0,"menu_order":0,"comment_status":"closed","ping_status":"closed","template":"","meta":{"spay_email":""},"_links":{"self":[{"href":"https:\/\/www.audixbitee.com\/index.php\/wp-json\/wp\/v2\/pages\/81"}],"collection":[{"href":"https:\/\/www.audixbitee.com\/index.php\/wp-json\/wp\/v2\/pages"}],"about":[{"href":"https:\/\/www.audixbitee.com\/index.php\/wp-json\/wp\/v2\/types\/page"}],"author":[{"embeddable":true,"href":"https:\/\/www.audixbitee.com\/index.php\/wp-json\/wp\/v2\/users\/1"}],"replies":[{"embeddable":true,"href":"https:\/\/www.audixbitee.com\/index.php\/wp-json\/wp\/v2\/comments?post=81"}],"version-history":[{"count":8,"href":"https:\/\/www.audixbitee.com\/index.php\/wp-json\/wp\/v2\/pages\/81\/revisions"}],"predecessor-version":[{"id":175,"href":"https:\/\/www.audixbitee.com\/index.php\/wp-json\/wp\/v2\/pages\/81\/revisions\/175"}],"wp:featuredmedia":[{"embeddable":true,"href":"https:\/\/www.audixbitee.com\/index.php\/wp-json\/wp\/v2\/media\/157"}],"wp:attachment":[{"href":"https:\/\/www.audixbitee.com\/index.php\/wp-json\/wp\/v2\/media?parent=81"}],"curies":[{"name":"wp","href":"https:\/\/api.w.org\/{rel}","templated":true}]}}